{"id":92,"date":"2022-05-16T22:13:54","date_gmt":"2022-05-16T20:13:54","guid":{"rendered":"https:\/\/beta.celiabenoist.fr\/?page_id=92"},"modified":"2022-10-14T10:35:33","modified_gmt":"2022-10-14T08:35:33","slug":"accueil-v2","status":"publish","type":"page","link":"https:\/\/celiabenoist.fr\/?page_id=92","title":{"rendered":"Les s\u00e9ances"},"content":{"rendered":"\n<div class=\"wp-block-columns is-layout-flex wp-container-core-columns-is-layout-9d6595d7 wp-block-columns-is-layout-flex\">\n<div class=\"wp-block-column is-layout-flow wp-block-column-is-layout-flow\" style=\"flex-basis:66.66%\">\n<p class=\"text-justified\">Les s\u00e9ances sont des moments d&rsquo;\u00e9coute et d&rsquo;\u00e9change sans rythme impos\u00e9. Elles permettent d&rsquo;apprendre \u00e0 mieux se connaitre et \u00e0 prendre du recul sur le v\u00e9cu afin de trouver les solutions les plus adapt\u00e9es possible. Pour les consultations :<br><br><i class=\"fas fa-hourglass-half\"><\/i> Environ 50 minutes<br><i class=\"fas fa-calendar-alt\"><\/i> Toutes les 2 \u00e0 3 semaines en g\u00e9n\u00e9ral (adapt\u00e9 selon les besoins)<br><i class=\"fas fa-video\"><\/i> Visioconsultations possibles<\/p>\n\n\n\n<div class=\"wp-block-columns is-layout-flex wp-container-core-columns-is-layout-9d6595d7 wp-block-columns-is-layout-flex\">\n<div class=\"wp-block-column is-vertically-aligned-center is-layout-flow wp-block-column-is-layout-flow\">\n<div class=\"wp-block-buttons is-content-justification-center is-layout-flex wp-container-core-buttons-is-layout-16018d1d wp-block-buttons-is-layout-flex\">\n<div class=\"wp-block-button has-custom-font-size is-style-outline is-style-outline--1\" style=\"font-size:13px\"><a class=\"wp-block-button__link has-text-color\" href=\"https:\/\/celiabenoist.fr\/?page_id=148\" style=\"color:#2abfed\">En savoir plus sur les consultations<\/a><\/div>\n<\/div>\n<\/div>\n\n\n\n<div class=\"wp-block-column is-vertically-aligned-center is-layout-flow wp-block-column-is-layout-flow\">\n<div class=\"wp-block-buttons is-content-justification-center is-layout-flex wp-container-core-buttons-is-layout-16018d1d wp-block-buttons-is-layout-flex\">\n<div class=\"wp-block-button has-custom-font-size is-style-outline is-style-outline--2\" style=\"font-size:13px\"><a class=\"wp-block-button__link has-text-color\" href=\"https:\/\/celiabenoist.fr\/?page_id=202\" style=\"color:#2abfed\">En savoir plus sur les bilans<\/a><\/div>\n<\/div>\n<\/div>\n\n\n\n<div class=\"wp-block-column is-vertically-aligned-center is-layout-flow wp-block-column-is-layout-flow\">\n<div class=\"wp-block-buttons is-layout-flex wp-block-buttons-is-layout-flex\">\n<div class=\"wp-block-button has-custom-font-size is-style-outline is-style-outline--3\" style=\"font-size:13px\"><a class=\"wp-block-button__link has-text-color\" href=\"https:\/\/celiabenoist.fr\/?page_id=60\" style=\"color:#2abfed\">En savoir plus sur les honoraires<\/a><\/div>\n<\/div>\n<\/div>\n<\/div>\n<\/div>\n\n\n\n<div class=\"wp-block-column is-layout-flow wp-block-column-is-layout-flow\" style=\"flex-basis:33.33%\">\n<figure class=\"wp-block-gallery has-nested-images columns-default is-cropped wp-block-gallery-4 is-layout-flex wp-block-gallery-is-layout-flex\">\n<figure class=\"wp-block-image size-large\"><img loading=\"lazy\" decoding=\"async\" width=\"1024\" height=\"576\" data-id=\"317\" src=\"https:\/\/beta.celiabenoist.fr\/wp-content\/uploads\/2022\/05\/P1066625-1024x576.jpg\" alt=\"\" class=\"wp-image-317\" srcset=\"https:\/\/celiabenoist.fr\/wp-content\/uploads\/2022\/05\/P1066625-1024x576.jpg 1024w, https:\/\/celiabenoist.fr\/wp-content\/uploads\/2022\/05\/P1066625-300x169.jpg 300w, https:\/\/celiabenoist.fr\/wp-content\/uploads\/2022\/05\/P1066625-768x432.jpg 768w, https:\/\/celiabenoist.fr\/wp-content\/uploads\/2022\/05\/P1066625-1536x864.jpg 1536w, https:\/\/celiabenoist.fr\/wp-content\/uploads\/2022\/05\/P1066625-2048x1152.jpg 2048w, https:\/\/celiabenoist.fr\/wp-content\/uploads\/2022\/05\/P1066625-533x300.jpg 533w\" sizes=\"auto, (max-width: 1024px) 100vw, 1024px\" \/><\/figure>\n<\/figure>\n<\/div>\n<\/div>\n\n\n\n<p><\/p>\n","protected":false},"excerpt":{"rendered":"<p>Les s\u00e9ances sont des moments d&rsquo;\u00e9coute et d&rsquo;\u00e9change sans rythme impos\u00e9. Elles permettent d&rsquo;apprendre \u00e0 mieux se connaitre et \u00e0 prendre du recul sur le v\u00e9cu afin de trouver les solutions les plus adapt\u00e9es possible. Pour les consultations : Environ 50 minutes Toutes les 2 \u00e0 3 semaines en g\u00e9n\u00e9ral &hellip;<\/p>\n","protected":false},"author":1,"featured_media":0,"parent":0,"menu_order":0,"comment_status":"closed","ping_status":"closed","template":"","meta":{"footnotes":""},"class_list":["post-92","page","type-page","status-publish","hentry"],"_links":{"self":[{"href":"https:\/\/celiabenoist.fr\/index.php?rest_route=\/wp\/v2\/pages\/92","targetHints":{"allow":["GET"]}}],"collection":[{"href":"https:\/\/celiabenoist.fr\/index.php?rest_route=\/wp\/v2\/pages"}],"about":[{"href":"https:\/\/celiabenoist.fr\/index.php?rest_route=\/wp\/v2\/types\/page"}],"author":[{"embeddable":true,"href":"https:\/\/celiabenoist.fr\/index.php?rest_route=\/wp\/v2\/users\/1"}],"replies":[{"embeddable":true,"href":"https:\/\/celiabenoist.fr\/index.php?rest_route=%2Fwp%2Fv2%2Fcomments&post=92"}],"version-history":[{"count":19,"href":"https:\/\/celiabenoist.fr\/index.php?rest_route=\/wp\/v2\/pages\/92\/revisions"}],"predecessor-version":[{"id":428,"href":"https:\/\/celiabenoist.fr\/index.php?rest_route=\/wp\/v2\/pages\/92\/revisions\/428"}],"wp:attachment":[{"href":"https:\/\/celiabenoist.fr\/index.php?rest_route=%2Fwp%2Fv2%2Fmedia&parent=92"}],"curies":[{"name":"wp","href":"https:\/\/api.w.org\/{rel}","templated":true}]}}