{"id":66,"date":"2022-05-16T21:13:46","date_gmt":"2022-05-16T19:13:46","guid":{"rendered":"https:\/\/beta.celiabenoist.fr\/?page_id=66"},"modified":"2025-03-31T09:53:08","modified_gmt":"2025-03-31T07:53:08","slug":"qui-suis-je","status":"publish","type":"page","link":"https:\/\/celiabenoist.fr\/?page_id=66","title":{"rendered":"Qui suis-je ?"},"content":{"rendered":"\n<h4 class=\"wp-block-heading has-text-align-center\">Mon parcours<\/h4>\n\n\n\n<div class=\"wp-block-columns is-layout-flex wp-container-core-columns-is-layout-9d6595d7 wp-block-columns-is-layout-flex\">\n<div class=\"wp-block-column is-layout-flow wp-block-column-is-layout-flow\" style=\"flex-basis:35%\">\n<figure class=\"wp-block-image size-large\"><img loading=\"lazy\" decoding=\"async\" width=\"1024\" height=\"576\" src=\"https:\/\/beta.celiabenoist.fr\/wp-content\/uploads\/2022\/05\/P1050640-1024x576.jpg\" alt=\"\" class=\"wp-image-324\" srcset=\"https:\/\/celiabenoist.fr\/wp-content\/uploads\/2022\/05\/P1050640-1024x576.jpg 1024w, https:\/\/celiabenoist.fr\/wp-content\/uploads\/2022\/05\/P1050640-300x169.jpg 300w, https:\/\/celiabenoist.fr\/wp-content\/uploads\/2022\/05\/P1050640-768x432.jpg 768w, https:\/\/celiabenoist.fr\/wp-content\/uploads\/2022\/05\/P1050640-1536x864.jpg 1536w, https:\/\/celiabenoist.fr\/wp-content\/uploads\/2022\/05\/P1050640-2048x1152.jpg 2048w, https:\/\/celiabenoist.fr\/wp-content\/uploads\/2022\/05\/P1050640-533x300.jpg 533w\" sizes=\"auto, (max-width: 1024px) 100vw, 1024px\" \/><\/figure>\n<\/div>\n\n\n\n<div class=\"wp-block-column is-layout-flow wp-block-column-is-layout-flow\" style=\"flex-basis:70%\">\n<p class=\"text-justified\">Apr\u00e8s une licence en psychopathologie \u00e0 l\u2019universit\u00e9 catholique de Lille, j\u2019ai suivi le master DEHIS &#8211; d\u00e9veloppement \u00e9ducation handicap individu et soci\u00e9t\u00e9 &#8211; \u00e0 l\u2019universit\u00e9 de Lille qui me permet de faire usage du <strong>titre de psychologue clinicienne<\/strong>. Cela m\u2019a form\u00e9 \u00e0 une <strong>pratique g\u00e9n\u00e9rale <\/strong>allant de la petite enfance \u00e0 l\u2019\u00e2ge avanc\u00e9, avec une sp\u00e9cialisation dans la mise en place d\u2019<strong>interventions individuelles et collectives<\/strong>.<\/p>\n\n\n\n<p class=\"text-justified\">Jusqu\u2019ici mes activit\u00e9s sont tout aussi diversifi\u00e9es. Principalement en lib\u00e9ral, je donne \u00e9galement des cours dans le sup\u00e9rieur de fa\u00e7on ponctuelle et anime des sessions d\u2019analyse de la pratique aupr\u00e8s de professionnels.<br>Enfin, je suis actuellement apprenante dans le DIU de sexologie \u00e0 facult\u00e9 de m\u00e9decine de Lille (2\u00e8me ann\u00e9e). <\/p>\n\n\n\n<div class=\"wp-block-buttons is-content-justification-center is-layout-flex wp-container-core-buttons-is-layout-16018d1d wp-block-buttons-is-layout-flex\">\n<div class=\"wp-block-button has-custom-font-size is-style-outline is-style-outline--1\" style=\"font-size:13px\"><a class=\"wp-block-button__link has-text-color wp-element-button\" href=\"https:\/\/celiabenoist.fr\/?page_id=211\" style=\"color:#2abfed\">En savoir plus sur mon parcours<\/a><\/div>\n<\/div>\n<\/div>\n<\/div>\n\n\n\n<h4 class=\"wp-block-heading has-text-align-center\">Ma pratique<\/h4>\n\n\n\n<div class=\"wp-block-columns is-layout-flex wp-container-core-columns-is-layout-9d6595d7 wp-block-columns-is-layout-flex\">\n<div class=\"wp-block-column is-layout-flow wp-block-column-is-layout-flow\" style=\"flex-basis:35%\">\n<figure class=\"wp-block-image size-large\"><img loading=\"lazy\" decoding=\"async\" width=\"1024\" height=\"577\" src=\"https:\/\/beta.celiabenoist.fr\/wp-content\/uploads\/2022\/05\/table-enfant-1024x577.jpg\" alt=\"\" class=\"wp-image-327\" srcset=\"https:\/\/celiabenoist.fr\/wp-content\/uploads\/2022\/05\/table-enfant-1024x577.jpg 1024w, https:\/\/celiabenoist.fr\/wp-content\/uploads\/2022\/05\/table-enfant-300x169.jpg 300w, https:\/\/celiabenoist.fr\/wp-content\/uploads\/2022\/05\/table-enfant-768x432.jpg 768w, https:\/\/celiabenoist.fr\/wp-content\/uploads\/2022\/05\/table-enfant-1536x865.jpg 1536w, https:\/\/celiabenoist.fr\/wp-content\/uploads\/2022\/05\/table-enfant-533x300.jpg 533w, https:\/\/celiabenoist.fr\/wp-content\/uploads\/2022\/05\/table-enfant.jpg 2048w\" sizes=\"auto, (max-width: 1024px) 100vw, 1024px\" \/><\/figure>\n<\/div>\n\n\n\n<div class=\"wp-block-column is-layout-flow wp-block-column-is-layout-flow\" style=\"flex-basis:70%\">\n<p class=\"text-justified\">Ce parcours vari\u00e9 me permet d\u2019\u00eatre comme une <strong>bo\u00eete \u00e0 outil <\/strong>\u00e0 destination des patients. Ma pratique se veut <strong>int\u00e9grative<\/strong>. J\u2019utilise diff\u00e9rentes approches th\u00e9rapeutiques pour \u00eatre <strong>la plus adapt\u00e9e possible <\/strong>: comme les th\u00e9rapies cognitivo-comportementales (TCC), la psycho\u00e9ducation, la th\u00e9rapie ACT (engagement et acceptation), les th\u00e9rapies \u00e9motionnelles, les th\u00e9rapies syst\u00e9miques ou encore la psychologie positive.<\/p>\n\n\n\n<p class=\"text-justified\">Je t\u00e2che de continuer \u00e0 me former r\u00e9guli\u00e8rement sur divers domaines (troubles neuro d\u00e9veloppementaux, psychotrauma, gestion du stress\/phobies, addictions, burn-out, guidance parentale, etc.).<\/p>\n\n\n\n<div class=\"wp-block-buttons is-content-justification-center is-layout-flex wp-container-core-buttons-is-layout-16018d1d wp-block-buttons-is-layout-flex\">\n<div class=\"wp-block-button has-custom-font-size is-style-outline is-style-outline--2\" style=\"font-size:13px\"><a class=\"wp-block-button__link has-text-color wp-element-button\" href=\"https:\/\/celiabenoist.fr\/?page_id=213\" style=\"color:#2abfed\">En savoir plus sur ma pratique<\/a><\/div>\n<\/div>\n<\/div>\n<\/div>\n","protected":false},"excerpt":{"rendered":"<p>Mon parcours Apr\u00e8s une licence en psychopathologie \u00e0 l\u2019universit\u00e9 catholique de Lille, j\u2019ai suivi le master DEHIS &#8211; d\u00e9veloppement \u00e9ducation handicap individu et soci\u00e9t\u00e9 &#8211; \u00e0 l\u2019universit\u00e9 de Lille qui me permet de faire usage du titre de psychologue clinicienne. Cela m\u2019a form\u00e9 \u00e0 une pratique g\u00e9n\u00e9rale allant de la &hellip;<\/p>\n","protected":false},"author":1,"featured_media":0,"parent":0,"menu_order":0,"comment_status":"closed","ping_status":"closed","template":"","meta":{"footnotes":""},"class_list":["post-66","page","type-page","status-publish","hentry"],"_links":{"self":[{"href":"https:\/\/celiabenoist.fr\/index.php?rest_route=\/wp\/v2\/pages\/66","targetHints":{"allow":["GET"]}}],"collection":[{"href":"https:\/\/celiabenoist.fr\/index.php?rest_route=\/wp\/v2\/pages"}],"about":[{"href":"https:\/\/celiabenoist.fr\/index.php?rest_route=\/wp\/v2\/types\/page"}],"author":[{"embeddable":true,"href":"https:\/\/celiabenoist.fr\/index.php?rest_route=\/wp\/v2\/users\/1"}],"replies":[{"embeddable":true,"href":"https:\/\/celiabenoist.fr\/index.php?rest_route=%2Fwp%2Fv2%2Fcomments&post=66"}],"version-history":[{"count":25,"href":"https:\/\/celiabenoist.fr\/index.php?rest_route=\/wp\/v2\/pages\/66\/revisions"}],"predecessor-version":[{"id":448,"href":"https:\/\/celiabenoist.fr\/index.php?rest_route=\/wp\/v2\/pages\/66\/revisions\/448"}],"wp:attachment":[{"href":"https:\/\/celiabenoist.fr\/index.php?rest_route=%2Fwp%2Fv2%2Fmedia&parent=66"}],"curies":[{"name":"wp","href":"https:\/\/api.w.org\/{rel}","templated":true}]}}