{"id":60,"date":"2022-05-16T21:04:53","date_gmt":"2022-05-16T19:04:53","guid":{"rendered":"https:\/\/beta.celiabenoist.fr\/?page_id=60"},"modified":"2025-03-31T09:42:40","modified_gmt":"2025-03-31T07:42:40","slug":"honoraires","status":"publish","type":"page","link":"https:\/\/celiabenoist.fr\/?page_id=60","title":{"rendered":"Honoraires"},"content":{"rendered":"\n<h3 class=\"wp-block-heading\">Consultations<\/h3>\n\n\n\n<div class=\"wp-block-columns is-layout-flex wp-container-core-columns-is-layout-9d6595d7 wp-block-columns-is-layout-flex\">\n<div class=\"wp-block-column is-vertically-aligned-center is-layout-flow wp-block-column-is-layout-flow\" style=\"flex-basis:66.66%\">\n<p><strong>Consultation individuelle (enfant, adolescent, adulte) : 70\u20ac<\/strong><br>Les consultations durent environ 50 minutes.<\/p>\n<\/div>\n\n\n\n<div class=\"wp-block-column is-vertically-aligned-center is-layout-flow wp-block-column-is-layout-flow\" style=\"flex-basis:33.33%\">\n<div class=\"wp-block-buttons is-content-justification-center is-layout-flex wp-container-core-buttons-is-layout-16018d1d wp-block-buttons-is-layout-flex\">\n<div class=\"wp-block-button has-custom-font-size is-style-outline has-normal-font-size is-style-outline--1\"><a class=\"wp-block-button__link has-sitebg-background-color has-text-color has-background wp-element-button\" href=\"https:\/\/celiabenoist.fr\/?page_id=148\" style=\"color:#2abfed\">En savoir plus sur les consultations<\/a><\/div>\n\n\n\n<div class=\"wp-block-button has-custom-font-size is-style-outline has-normal-font-size is-style-outline--2\"><a class=\"wp-block-button__link has-text-color wp-element-button\" href=\"https:\/\/celiabenoist.fr\/?page_id=213\" style=\"color:#2abfed\">En savoir plus sur ma pratique<\/a><\/div>\n<\/div>\n<\/div>\n<\/div>\n\n\n\n<h3 class=\"wp-block-heading\">Paiement<\/h3>\n\n\n\n<div class=\"wp-block-columns is-layout-flex wp-container-core-columns-is-layout-9d6595d7 wp-block-columns-is-layout-flex\">\n<div class=\"wp-block-column is-vertically-aligned-center is-layout-flow wp-block-column-is-layout-flow\" style=\"flex-basis:50%\">\n<p class=\"text-justified\">Les r\u00e8glements peuvent \u00eatre effectu\u00e9s par&nbsp;<strong>esp\u00e8ces ou par ch\u00e8ques<\/strong> et sont a effectuer <strong>\u00e0 chaque s\u00e9ance<\/strong>.<strong><br><em>Attention :<\/em><\/strong>&nbsp;Par souci&nbsp;d\u2019organisation,<strong> les s\u00e9ances non annul\u00e9es dans les 48 heures ouvr\u00e9es avant le rendez-vous seront dues.&nbsp;<\/strong>Merci<strong> <\/strong>de votre compr\u00e9hension.<strong><br><\/strong><\/p>\n<\/div>\n\n\n\n<div class=\"wp-block-column is-vertically-aligned-center is-layout-flow wp-block-column-is-layout-flow\" style=\"flex-basis:50%\">\n<p class=\"has-text-align-left text-justified has-text-color\" style=\"color:#2abfed\"><em><strong>Bon \u00e0 savoir !<br><\/strong><\/em>Les s\u00e9ances ne sont pas rembours\u00e9es par la s\u00e9curit\u00e9 sociale mais certaines mutuelles proposent des remboursements.<br>Renseignez vous aupr\u00e8s de votre mutuelle !<br>Une facture sera \u00e9dit\u00e9e \u00e0 la fin de chaque s\u00e9ance pour que vous puissiez leur transmettre.<\/p>\n<\/div>\n<\/div>\n","protected":false},"excerpt":{"rendered":"<p>Consultations Consultation individuelle (enfant, adolescent, adulte) : 70\u20acLes consultations durent environ 50 minutes. Paiement Les r\u00e8glements peuvent \u00eatre effectu\u00e9s par&nbsp;esp\u00e8ces ou par ch\u00e8ques et sont a effectuer \u00e0 chaque s\u00e9ance.Attention :&nbsp;Par souci&nbsp;d\u2019organisation, les s\u00e9ances non annul\u00e9es dans les 48 heures ouvr\u00e9es avant le rendez-vous seront dues.&nbsp;Merci de votre compr\u00e9hension. Bon &hellip;<\/p>\n","protected":false},"author":1,"featured_media":0,"parent":0,"menu_order":0,"comment_status":"closed","ping_status":"closed","template":"","meta":{"footnotes":""},"class_list":["post-60","page","type-page","status-publish","hentry"],"_links":{"self":[{"href":"https:\/\/celiabenoist.fr\/index.php?rest_route=\/wp\/v2\/pages\/60","targetHints":{"allow":["GET"]}}],"collection":[{"href":"https:\/\/celiabenoist.fr\/index.php?rest_route=\/wp\/v2\/pages"}],"about":[{"href":"https:\/\/celiabenoist.fr\/index.php?rest_route=\/wp\/v2\/types\/page"}],"author":[{"embeddable":true,"href":"https:\/\/celiabenoist.fr\/index.php?rest_route=\/wp\/v2\/users\/1"}],"replies":[{"embeddable":true,"href":"https:\/\/celiabenoist.fr\/index.php?rest_route=%2Fwp%2Fv2%2Fcomments&post=60"}],"version-history":[{"count":13,"href":"https:\/\/celiabenoist.fr\/index.php?rest_route=\/wp\/v2\/pages\/60\/revisions"}],"predecessor-version":[{"id":441,"href":"https:\/\/celiabenoist.fr\/index.php?rest_route=\/wp\/v2\/pages\/60\/revisions\/441"}],"wp:attachment":[{"href":"https:\/\/celiabenoist.fr\/index.php?rest_route=%2Fwp%2Fv2%2Fmedia&parent=60"}],"curies":[{"name":"wp","href":"https:\/\/api.w.org\/{rel}","templated":true}]}}