{"id":28,"date":"2022-05-16T20:19:03","date_gmt":"2022-05-16T18:19:03","guid":{"rendered":"https:\/\/beta.celiabenoist.fr\/?page_id=28"},"modified":"2025-03-31T09:56:10","modified_gmt":"2025-03-31T07:56:10","slug":"home","status":"publish","type":"page","link":"https:\/\/celiabenoist.fr\/?page_id=28","title":{"rendered":"Le cabinet"},"content":{"rendered":"\n<div class=\"wp-block-columns is-layout-flex wp-container-core-columns-is-layout-9d6595d7 wp-block-columns-is-layout-flex\">\n<div class=\"wp-block-column is-layout-flow wp-block-column-is-layout-flow\" style=\"flex-basis:10%\"><\/div>\n\n\n\n<div class=\"wp-block-column is-layout-flow wp-block-column-is-layout-flow\">\n<p class=\"has-text-align-center\" style=\"font-size:18px\"><i class=\"fas fa-map-marker-alt\"><\/i> <br><strong>Cabinet de la victoire<\/strong><br>14 place de la victoire<br>59130 Lambersart<\/p>\n<\/div>\n\n\n\n<div class=\"wp-block-column is-layout-flow wp-block-column-is-layout-flow\" style=\"flex-basis:10%\"><\/div>\n<\/div>\n\n\n\n<div class=\"wp-block-columns is-layout-flex wp-container-core-columns-is-layout-9d6595d7 wp-block-columns-is-layout-flex\">\n<div class=\"wp-block-column is-layout-flow wp-block-column-is-layout-flow\" style=\"flex-basis:25%\"><\/div>\n\n\n\n<div class=\"wp-block-column is-layout-flow wp-block-column-is-layout-flow\" style=\"flex-basis:50%\">\n<p class=\"has-text-align-center\" style=\"font-size:18px\">Sur rendez-vous &#8211; au cabinet ou en visioconsultation<br>Possibilit\u00e9 de prendre rdv ou de me contacter directement via doctolib<\/p>\n\n\n\n<div class=\"wp-block-columns is-layout-flex wp-container-core-columns-is-layout-9d6595d7 wp-block-columns-is-layout-flex\">\n<div class=\"wp-block-column is-layout-flow wp-block-column-is-layout-flow\">\n<p class=\"has-text-align-center has-normal-font-size\"><i class=\"fas fa-child\"><\/i><br>Enfants<\/p>\n<\/div>\n\n\n\n<div class=\"wp-block-column is-layout-flow wp-block-column-is-layout-flow\">\n<p class=\"has-text-align-center has-normal-font-size\"><i class=\"fas fa-user-graduate\"><\/i><br>Adolescents \/ Etudiants<\/p>\n<\/div>\n\n\n\n<div class=\"wp-block-column is-layout-flow wp-block-column-is-layout-flow\">\n<p class=\"has-text-align-center has-normal-font-size\"><i class=\"fas fa-user\"><\/i><br>Adultes \/ Parents<\/p>\n<\/div>\n<\/div>\n<\/div>\n\n\n\n<div class=\"wp-block-column is-layout-flow wp-block-column-is-layout-flow\" style=\"flex-basis:25%\"><\/div>\n<\/div>\n\n\n\n<div class=\"wp-block-columns is-layout-flex wp-container-core-columns-is-layout-9d6595d7 wp-block-columns-is-layout-flex\">\n<div class=\"wp-block-column is-layout-flow wp-block-column-is-layout-flow\" style=\"flex-basis:25%\"><\/div>\n\n\n\n<div class=\"wp-block-column is-layout-flow wp-block-column-is-layout-flow\" style=\"flex-basis:80%\">\n<p class=\"text-justified\">Les raisons qui peuvent nous amener \u00e0 consulter un psychologue peuvent \u00eatre nombreuses : estime de soi, \u00e9v\u00e8nement difficile, questionnement, sensation d&rsquo;\u00e9puisement, etc. Pourtant, l&rsquo;envie d&rsquo;aller mieux permet de pousser la porte du bureau. Je vous accueillerai donc sur rendez-vous et en toute bienveillance afin de vous aider \u00e0 mieux vous connaitre et \u00e0 chercher ensemble des solutions et des ressources, pour remettre du sens dans votre vie.<\/p>\n\n\n\n<p class=\"text-justified\">Pour cela, je m&rsquo;adapterai \u00e0 vous lors des s\u00e9ances. Si vous ressentez le besoin de parler alors je vous \u00e9couterez &#8211; ne vous inqui\u00e9tez pas, j&rsquo;ai de grandes oreilles. Si au contraire vous avez peur de ne pas savoir quoi dire, nous pourrons utiliser des outils concrets et des supports adapt\u00e9s pour vous aider. Enfin, si vous n&rsquo;avez pas envie de tout dire tout de suite, il n&rsquo;y a pas de souci, rien ne presse. En tous les cas nous irons \u00e0 votre rythme.<\/p>\n\n\n\n<blockquote class=\"wp-block-quote has-text-align-center is-style-default is-layout-flow wp-block-quote-is-layout-flow\">\n<p><em style=\"font-size: revert; text-indent: 0em;\"><strong>\u00ab&nbsp;La dame aux secrets&nbsp;\u00bb<\/strong><\/em><\/p>\n\n\n\n<p><em><strong>\u00ab&nbsp;La madame qui m\u2019aide avec mes \u00e9motions&nbsp;\u00bb<\/strong><\/em><\/p>\n<cite><em>Petits mots d\u2019enfants pour d\u00e9crire mon m\u00e9tier<\/em><\/cite><\/blockquote>\n<\/div>\n\n\n\n<div class=\"wp-block-column is-layout-flow wp-block-column-is-layout-flow\" style=\"flex-basis:25%\"><\/div>\n<\/div>\n\n\n\n<figure class=\"wp-block-gallery has-nested-images columns-default is-cropped wp-block-gallery-1 is-layout-flex wp-block-gallery-is-layout-flex\">\n<figure class=\"wp-block-image size-large\"><img loading=\"lazy\" decoding=\"async\" width=\"1728\" height=\"971\" data-id=\"409\" src=\"https:\/\/beta.celiabenoist.fr\/wp-content\/uploads\/2022\/06\/285967275_1087379768517741_9152021468398253979_n-edited.jpg\" alt=\"\" class=\"wp-image-409\" srcset=\"https:\/\/celiabenoist.fr\/wp-content\/uploads\/2022\/06\/285967275_1087379768517741_9152021468398253979_n-edited.jpg 1728w, https:\/\/celiabenoist.fr\/wp-content\/uploads\/2022\/06\/285967275_1087379768517741_9152021468398253979_n-edited-300x169.jpg 300w, https:\/\/celiabenoist.fr\/wp-content\/uploads\/2022\/06\/285967275_1087379768517741_9152021468398253979_n-edited-1024x575.jpg 1024w, https:\/\/celiabenoist.fr\/wp-content\/uploads\/2022\/06\/285967275_1087379768517741_9152021468398253979_n-edited-768x432.jpg 768w, https:\/\/celiabenoist.fr\/wp-content\/uploads\/2022\/06\/285967275_1087379768517741_9152021468398253979_n-edited-1536x863.jpg 1536w, https:\/\/celiabenoist.fr\/wp-content\/uploads\/2022\/06\/285967275_1087379768517741_9152021468398253979_n-edited-534x300.jpg 534w\" sizes=\"auto, (max-width: 1728px) 100vw, 1728px\" \/><\/figure>\n\n\n\n<figure class=\"wp-block-image size-large\"><img loading=\"lazy\" decoding=\"async\" width=\"1024\" height=\"576\" data-id=\"407\" src=\"https:\/\/beta.celiabenoist.fr\/wp-content\/uploads\/2022\/06\/exterieur-1024x576.jpg\" alt=\"\" class=\"wp-image-407\" srcset=\"https:\/\/celiabenoist.fr\/wp-content\/uploads\/2022\/06\/exterieur-1024x576.jpg 1024w, https:\/\/celiabenoist.fr\/wp-content\/uploads\/2022\/06\/exterieur-300x169.jpg 300w, https:\/\/celiabenoist.fr\/wp-content\/uploads\/2022\/06\/exterieur-768x432.jpg 768w, https:\/\/celiabenoist.fr\/wp-content\/uploads\/2022\/06\/exterieur-1536x864.jpg 1536w, https:\/\/celiabenoist.fr\/wp-content\/uploads\/2022\/06\/exterieur-534x300.jpg 534w, https:\/\/celiabenoist.fr\/wp-content\/uploads\/2022\/06\/exterieur.jpg 1919w\" sizes=\"auto, (max-width: 1024px) 100vw, 1024px\" \/><\/figure>\n\n\n\n<figure class=\"wp-block-image size-large\"><img loading=\"lazy\" decoding=\"async\" width=\"1728\" height=\"971\" data-id=\"412\" src=\"https:\/\/beta.celiabenoist.fr\/wp-content\/uploads\/2022\/06\/284532387_848083839928280_501480528666072077_n-edited-1.jpg\" alt=\"\" class=\"wp-image-412\" srcset=\"https:\/\/celiabenoist.fr\/wp-content\/uploads\/2022\/06\/284532387_848083839928280_501480528666072077_n-edited-1.jpg 1728w, https:\/\/celiabenoist.fr\/wp-content\/uploads\/2022\/06\/284532387_848083839928280_501480528666072077_n-edited-1-300x169.jpg 300w, https:\/\/celiabenoist.fr\/wp-content\/uploads\/2022\/06\/284532387_848083839928280_501480528666072077_n-edited-1-1024x575.jpg 1024w, https:\/\/celiabenoist.fr\/wp-content\/uploads\/2022\/06\/284532387_848083839928280_501480528666072077_n-edited-1-768x432.jpg 768w, https:\/\/celiabenoist.fr\/wp-content\/uploads\/2022\/06\/284532387_848083839928280_501480528666072077_n-edited-1-1536x863.jpg 1536w, https:\/\/celiabenoist.fr\/wp-content\/uploads\/2022\/06\/284532387_848083839928280_501480528666072077_n-edited-1-534x300.jpg 534w\" sizes=\"auto, (max-width: 1728px) 100vw, 1728px\" \/><\/figure>\n<\/figure>\n\n\n\n<div style=\"height:15px\" aria-hidden=\"true\" class=\"wp-block-spacer\"><\/div>\n\n\n\n<div class=\"wp-block-columns is-layout-flex wp-container-core-columns-is-layout-9d6595d7 wp-block-columns-is-layout-flex\">\n<div class=\"wp-block-column is-layout-flow wp-block-column-is-layout-flow\" style=\"flex-basis:25%\"><\/div>\n\n\n\n<div class=\"wp-block-column is-layout-flow wp-block-column-is-layout-flow\" style=\"flex-basis:60%\">\n<p class=\"has-text-align-center\"><strong><em>Le cabinet est facilement accessible<\/em><\/strong><\/p>\n\n\n\n<p class=\"has-text-align-center text-justified\">Places de parking (dur\u00e9e limit\u00e9e 1h30) disponibles \u00e0 proximit\u00e9 du cabinet. <br>Un interphone me permettra de vous ouvrir afin que vous puissiez patienter en salle d&rsquo;attente.<\/p>\n\n\n\n<p class=\"has-text-align-center\">M\u00e9tro ligne 2 &#8211; Lomme \/ Lambersart<br>M\u00e9tro ligne 2 &#8211; Canteleu<br>Bus ligne 10 &#8211; Arr\u00eat victoire (\u00e0 c\u00f4t\u00e9 du cabinet)<\/p>\n\n\n\n<p class=\"has-text-align-center\">Les bureaux sont tous les deux situ\u00e9s en rez-de-chauss\u00e9e de cabinets pluridisciplinaires avec un acc\u00e8s PMR.<\/p>\n<\/div>\n\n\n\n<div class=\"wp-block-column is-layout-flow wp-block-column-is-layout-flow\" style=\"flex-basis:25%\"><\/div>\n<\/div>\n","protected":false},"excerpt":{"rendered":"<p>Cabinet de la victoire14 place de la victoire59130 Lambersart Sur rendez-vous &#8211; au cabinet ou en visioconsultationPossibilit\u00e9 de prendre rdv ou de me contacter directement via doctolib Enfants Adolescents \/ Etudiants Adultes \/ Parents Les raisons qui peuvent nous amener \u00e0 consulter un psychologue peuvent \u00eatre nombreuses : estime de &hellip;<\/p>\n","protected":false},"author":1,"featured_media":0,"parent":0,"menu_order":0,"comment_status":"closed","ping_status":"closed","template":"","meta":{"footnotes":""},"class_list":["post-28","page","type-page","status-publish","hentry"],"_links":{"self":[{"href":"https:\/\/celiabenoist.fr\/index.php?rest_route=\/wp\/v2\/pages\/28","targetHints":{"allow":["GET"]}}],"collection":[{"href":"https:\/\/celiabenoist.fr\/index.php?rest_route=\/wp\/v2\/pages"}],"about":[{"href":"https:\/\/celiabenoist.fr\/index.php?rest_route=\/wp\/v2\/types\/page"}],"author":[{"embeddable":true,"href":"https:\/\/celiabenoist.fr\/index.php?rest_route=\/wp\/v2\/users\/1"}],"replies":[{"embeddable":true,"href":"https:\/\/celiabenoist.fr\/index.php?rest_route=%2Fwp%2Fv2%2Fcomments&post=28"}],"version-history":[{"count":49,"href":"https:\/\/celiabenoist.fr\/index.php?rest_route=\/wp\/v2\/pages\/28\/revisions"}],"predecessor-version":[{"id":451,"href":"https:\/\/celiabenoist.fr\/index.php?rest_route=\/wp\/v2\/pages\/28\/revisions\/451"}],"wp:attachment":[{"href":"https:\/\/celiabenoist.fr\/index.php?rest_route=%2Fwp%2Fv2%2Fmedia&parent=28"}],"curies":[{"name":"wp","href":"https:\/\/api.w.org\/{rel}","templated":true}]}}